{"id":8,"date":"2023-11-12T16:16:36","date_gmt":"2023-11-12T15:16:36","guid":{"rendered":"https:\/\/corvi-bellorum.fr\/?page_id=8"},"modified":"2024-03-25T17:39:36","modified_gmt":"2024-03-25T16:39:36","slug":"accueil","status":"publish","type":"page","link":"https:\/\/corvi-bellorum.fr\/","title":{"rendered":"Bonjour et Bienvenue !"},"content":{"rendered":"\n<p class=\"has-small-font-size\">Bienvenue sur la page officielle de l&#8217;association CORVI BELLORUM.<\/p>\n\n\n\n<p class=\"has-small-font-size\">Nous r\u00e9alisons des animations sur le th\u00e8me de l&#8217;armement m\u00e9di\u00e9val : d\u00e9monstrations de combat selon les sources historiques des AMHE<\/p>\n","protected":false},"excerpt":{"rendered":"<p>Bienvenue sur la page officielle de l&#8217;association CORVI BELLORUM. Nous r\u00e9alisons des animations sur le th\u00e8me de l&#8217;armement m\u00e9di\u00e9val : d\u00e9monstrations de combat selon les sources historiques des AMHE<\/p>\n","protected":false},"author":1,"featured_media":0,"parent":0,"menu_order":0,"comment_status":"closed","ping_status":"closed","template":"","meta":{"footnotes":""},"class_list":["post-8","page","type-page","status-publish","hentry"],"_links":{"self":[{"href":"https:\/\/corvi-bellorum.fr\/index.php?rest_route=\/wp\/v2\/pages\/8","targetHints":{"allow":["GET"]}}],"collection":[{"href":"https:\/\/corvi-bellorum.fr\/index.php?rest_route=\/wp\/v2\/pages"}],"about":[{"href":"https:\/\/corvi-bellorum.fr\/index.php?rest_route=\/wp\/v2\/types\/page"}],"author":[{"embeddable":true,"href":"https:\/\/corvi-bellorum.fr\/index.php?rest_route=\/wp\/v2\/users\/1"}],"replies":[{"embeddable":true,"href":"https:\/\/corvi-bellorum.fr\/index.php?rest_route=%2Fwp%2Fv2%2Fcomments&post=8"}],"version-history":[{"count":5,"href":"https:\/\/corvi-bellorum.fr\/index.php?rest_route=\/wp\/v2\/pages\/8\/revisions"}],"predecessor-version":[{"id":84,"href":"https:\/\/corvi-bellorum.fr\/index.php?rest_route=\/wp\/v2\/pages\/8\/revisions\/84"}],"wp:attachment":[{"href":"https:\/\/corvi-bellorum.fr\/index.php?rest_route=%2Fwp%2Fv2%2Fmedia&parent=8"}],"curies":[{"name":"wp","href":"https:\/\/api.w.org\/{rel}","templated":true}]}}